{"id":2,"date":"2022-03-15T13:56:46","date_gmt":"2022-03-15T13:56:46","guid":{"rendered":"http:\/\/nini.newminds.com\/nini\/?page_id=2"},"modified":"2026-03-27T08:22:01","modified_gmt":"2026-03-27T08:22:01","slug":"lediga-jobb","status":"publish","type":"page","link":"https:\/\/newminds.se\/eng\/karriar\/lediga-jobb\/","title":{"rendered":"Job Openings"},"content":{"rendered":"<div data-elementor-type=\"wp-page\" data-elementor-id=\"2\" class=\"elementor elementor-2\">\n\t\t\t\t\t\t<section class=\"elementor-section elementor-top-section elementor-element elementor-element-2d87956 elementor-section-boxed elementor-section-height-default elementor-section-height-default\" data-id=\"2d87956\" data-element_type=\"section\" data-e-type=\"section\" data-settings=\"{&quot;jet_parallax_layout_list&quot;:[],&quot;background_background&quot;:&quot;classic&quot;}\">\n\t\t\t\t\t\t\t<div class=\"elementor-background-overlay\"><\/div>\n\t\t\t\t\t\t\t<div class=\"elementor-container elementor-column-gap-default\">\n\t\t\t\t\t<div class=\"elementor-column elementor-col-100 elementor-top-column elementor-element elementor-element-4dc53af\" data-id=\"4dc53af\" data-element_type=\"column\" data-e-type=\"column\">\n\t\t\t<div class=\"elementor-widget-wrap elementor-element-populated\">\n\t\t\t\t\t\t<div class=\"elementor-element elementor-element-2b372c9 elementor-widget elementor-widget-heading\" data-id=\"2b372c9\" data-element_type=\"widget\" data-e-type=\"widget\" data-widget_type=\"heading.default\">\n\t\t\t\t<div class=\"elementor-widget-container\">\n\t\t\t\t\t<h1 class=\"elementor-heading-title elementor-size-default\">Job openings<\/h1>\t\t\t\t<\/div>\n\t\t\t\t<\/div>\n\t\t\t\t<div class=\"elementor-element elementor-element-aa1bb47 elementor-widget elementor-widget-spacer\" data-id=\"aa1bb47\" data-element_type=\"widget\" data-e-type=\"widget\" data-widget_type=\"spacer.default\">\n\t\t\t\t<div class=\"elementor-widget-container\">\n\t\t\t\t\t\t\t<div class=\"elementor-spacer\">\n\t\t\t<div class=\"elementor-spacer-inner\"><\/div>\n\t\t<\/div>\n\t\t\t\t\t\t<\/div>\n\t\t\t\t<\/div>\n\t\t\t\t<div class=\"elementor-element elementor-element-2e62473 elementor-widget elementor-widget-heading\" data-id=\"2e62473\" data-element_type=\"widget\" data-e-type=\"widget\" data-widget_type=\"heading.default\">\n\t\t\t\t<div class=\"elementor-widget-container\">\n\t\t\t\t\t<h4 class=\"elementor-heading-title elementor-size-default\">Do you know <span class=\"typed-me\" data-string0=\"Java\" data-string1=\"Python\" data-string2=\"C++\" data-string3=\"C\" data-string4=\"C#\" data-string5=\"Javascript\" data-type-speed=\"30\" data-start-delay=\"0\" data-back-speed=\"40\" data-back-delay=\"500\" data-loop=\"1\"><\/span>? <br>Apply today!<\/h4>\t\t\t\t<\/div>\n\t\t\t\t<\/div>\n\t\t\t\t\t<\/div>\n\t\t<\/div>\n\t\t\t\t\t<\/div>\n\t\t<\/section>\n\t\t\t\t<section class=\"elementor-section elementor-top-section elementor-element elementor-element-2245b1e elementor-section-boxed elementor-section-height-default elementor-section-height-default\" data-id=\"2245b1e\" data-element_type=\"section\" data-e-type=\"section\" data-settings=\"{&quot;jet_parallax_layout_list&quot;:[]}\">\n\t\t\t\t\t\t<div class=\"elementor-container elementor-column-gap-default\">\n\t\t\t\t\t<div class=\"elementor-column elementor-col-100 elementor-top-column elementor-element elementor-element-62a3c63\" data-id=\"62a3c63\" data-element_type=\"column\" data-e-type=\"column\">\n\t\t\t<div class=\"elementor-widget-wrap elementor-element-populated\">\n\t\t\t\t\t\t<div class=\"elementor-element elementor-element-c982951 elementor-widget__width-initial elementor-widget elementor-widget-heading\" data-id=\"c982951\" data-element_type=\"widget\" data-e-type=\"widget\" data-widget_type=\"heading.default\">\n\t\t\t\t<div class=\"elementor-widget-container\">\n\t\t\t\t\t<h5 class=\"elementor-heading-title elementor-size-default\">Are you interested in working with frontend, backend, embedded or something else IT related? Check out our available positions right now, we might have something just for you!<\/h5>\t\t\t\t<\/div>\n\t\t\t\t<\/div>\n\t\t\t\t\t<\/div>\n\t\t<\/div>\n\t\t\t\t\t<\/div>\n\t\t<\/section>\n\t\t\t\t<section class=\"elementor-section elementor-top-section elementor-element elementor-element-f869158 elementor-section-boxed elementor-section-height-default elementor-section-height-default\" data-id=\"f869158\" data-element_type=\"section\" data-e-type=\"section\" data-settings=\"{&quot;jet_parallax_layout_list&quot;:[]}\">\n\t\t\t\t\t\t<div class=\"elementor-container elementor-column-gap-default\">\n\t\t\t\t\t<div class=\"elementor-column elementor-col-100 elementor-top-column elementor-element elementor-element-0ae3e10\" data-id=\"0ae3e10\" data-element_type=\"column\" data-e-type=\"column\">\n\t\t\t<div class=\"elementor-widget-wrap elementor-element-populated\">\n\t\t\t\t\t\t<div class=\"elementor-element elementor-element-62acb9b elementor-widget elementor-widget-sidebar\" data-id=\"62acb9b\" data-element_type=\"widget\" data-e-type=\"widget\" data-widget_type=\"sidebar.default\">\n\t\t\t\t<div class=\"elementor-widget-container\">\n\t\t\t\t\t<aside id=\"teamtailor_widget-5\" class=\"widget widget_teamtailor_widget\"><body><div id='phpData'><\/div>\r\n<script src=\"https:\/\/kit.fontawesome.com\/de2698ed8d.js\" crossorigin=\"anonymous\"><\/script>\r\n\r\n<script>\r\nfetch('https:\/\/newminds.se\/wp-content\/plugins\/tt-plugin\/anrop.php')\r\n  .then((response) => response.json())\r\n  .then((jobs) => {\r\n    appendData(jobs);\r\n  })\r\n  .catch((err) => console.error(err));\r\n\r\nfunction appendData(data) {\r\n  var mainContainer = document.getElementById(\"phpData\");\r\n\r\n  let cities = getCities(data);\r\n  for (let i = 0; i < data.data.length; i++) {\r\n    const locations = data.data[i].relationships.locations.data;\r\n    let jobLocation = \"\";\r\n    if (locations.length > 0) {\r\n      let tempArr = getLocationNames(locations, cities);\r\n      jobLocation =\r\n        \"<i class='fa-solid fa-location-dot'><\/i>\" + \" \" + tempArr.join(\", \");\r\n    }\r\n\r\n    let jobCategory = \"\";\r\n    if (data.data[i].relationships.department.data) {\r\n      const departmentId = data.data[i].relationships.department.data.id;\r\n      for (let index = 0; index < data.included.length; index++) {\r\n        const includedId = data.included[index].id;\r\n        if (departmentId && departmentId === includedId) {\r\n          jobCategory =\r\n            \"<i class='fa-solid fa-briefcase'><\/i>\" +\r\n            \" \" +\r\n            data.included[index].attributes.name;\r\n        }\r\n      }\r\n    }\r\n\r\n    var jobDesc = document.createElement(\"div\");\r\n    jobDesc.className = \"jobDesc\";\r\n    jobDesc.innerHTML = data.data[i].attributes.pitch;\r\n    var jobInfo = document.createElement(\"div\");\r\n    jobInfo.className = \"jobInfo\";\r\n    if (jobCategory) {\r\n      jobInfo.innerHTML = jobCategory + \" \" + jobLocation;\r\n    } else {\r\n      jobInfo.innerHTML = jobLocation;\r\n    }\r\n    var joblinkArrow = document.createElement(\"SPAN\");\r\n    joblinkArrow.innerHTML = \"<i class='fa-solid fa-angle-right'><\/i>\";\r\n    var jobTitle = document.createElement(\"div\");\r\n    jobTitle.className = \"jobTitle\";\r\n    jobTitle.innerHTML = data.data[i].attributes.title;\r\n    var flexContainer = document.createElement(\"div\");\r\n    flexContainer.className = \"flexContainer\";\r\n    flexContainer.appendChild(jobDesc);\r\n    flexContainer.appendChild(joblinkArrow);\r\n    var jobContainer = document.createElement(\"a\");\r\n    jobContainer.class = \"jobContainer\";\r\n    var jobLink = document.createElement(\"div\");\r\n    jobContainer.href = data.data[i].links[\"careersite-job-url\"];\r\n    jobLink.appendChild(jobTitle);\r\n    jobLink.appendChild(flexContainer);\r\n    jobLink.appendChild(jobInfo);\r\n    jobContainer.appendChild(jobLink);\r\n    mainContainer.appendChild(jobContainer);\r\n  }\r\n}\r\n\r\nfunction getCities(data) {\r\n  let cities = {};\r\n  for (let t = 0; t < data.included.length; t++) {\r\n    if (data.included[t].type === \"locations\") {\r\n      cities[data.included[t].id] = data.included[t].attributes.city;\r\n    }\r\n  }\r\n  return cities;\r\n}\r\n\r\nfunction getLocationNames(locations, cities) {\r\n  let tempArr = [];\r\n  for (let y = 0; y < locations.length; y++) {\r\n    if (locations[y].id in cities) {\r\n      tempArr.push(cities[locations[y].id]);\r\n    }\r\n  }\r\n  return tempArr;\r\n}\r\n  <\/script>\r\n<\/body>\r\n\r\n<\/aside>\t\t\t\t<\/div>\n\t\t\t\t<\/div>\n\t\t\t\t\t<\/div>\n\t\t<\/div>\n\t\t\t\t\t<\/div>\n\t\t<\/section>\n\t\t\t\t<section class=\"elementor-section elementor-top-section elementor-element elementor-element-dfd9819 elementor-section-boxed elementor-section-height-default elementor-section-height-default\" data-id=\"dfd9819\" data-element_type=\"section\" data-e-type=\"section\" data-settings=\"{&quot;jet_parallax_layout_list&quot;:[]}\">\n\t\t\t\t\t\t<div class=\"elementor-container elementor-column-gap-default\">\n\t\t\t\t\t<div class=\"elementor-column elementor-col-100 elementor-top-column elementor-element elementor-element-2382127\" data-id=\"2382127\" data-element_type=\"column\" data-e-type=\"column\">\n\t\t\t<div class=\"elementor-widget-wrap elementor-element-populated\">\n\t\t\t\t\t\t<div class=\"elementor-element elementor-element-bde28a8 elementor-widget__width-initial elementor-widget elementor-widget-heading\" data-id=\"bde28a8\" data-element_type=\"widget\" data-e-type=\"widget\" data-widget_type=\"heading.default\">\n\t\t\t\t<div class=\"elementor-widget-container\">\n\t\t\t\t\t<h5 class=\"elementor-heading-title elementor-size-default\">If none of the available jobs match your preferences or maybe your level of skill is at a senior level, we still encourage you to send us your application.\nWe always have jobs in the pipeline, and we'll keep you in the loop on any suitable upcoming job openings!<\/h5>\t\t\t\t<\/div>\n\t\t\t\t<\/div>\n\t\t\t\t<div class=\"elementor-element elementor-element-6fd2c5e elementor-align-center elementor-tablet-align-left elementor-widget-tablet__width-initial elementor-widget elementor-widget-button\" data-id=\"6fd2c5e\" data-element_type=\"widget\" data-e-type=\"widget\" data-widget_type=\"button.default\">\n\t\t\t\t<div class=\"elementor-widget-container\">\n\t\t\t\t\t\t\t\t\t<div class=\"elementor-button-wrapper\">\n\t\t\t\t\t<a class=\"elementor-button elementor-button-link elementor-size-sm\" href=\"https:\/\/jobs.newminds.se\/jobs\/1186872-open-application\/7b52e245-cd1d-432f-9dbb-a7fc22d3c3a6\">\n\t\t\t\t\t\t<span class=\"elementor-button-content-wrapper\">\n\t\t\t\t\t\t\t\t\t<span class=\"elementor-button-text\">ans\u00f6k<\/span>\n\t\t\t\t\t<\/span>\n\t\t\t\t\t<\/a>\n\t\t\t\t<\/div>\n\t\t\t\t\t\t\t\t<\/div>\n\t\t\t\t<\/div>\n\t\t\t\t\t<\/div>\n\t\t<\/div>\n\t\t\t\t\t<\/div>\n\t\t<\/section>\n\t\t\t\t<\/div>","protected":false},"excerpt":{"rendered":"<p>Lediga jobb Kan du ? Ans\u00f6k idag! \u00c4r du intresserad av jobb inom frontend, backend, embedded eller n\u00e5got annat IT-relaterat? Kolla in v\u00e5ra lediga tj\u00e4nster just nu, kanske har vi n\u00e5got just f\u00f6r dig! Om inget av v\u00e5ra lediga jobben matchar dina preferenser, eller om du s\u00f6ker mer seniora jobb \u00e4r du fortfarande h\u00f6gst v\u00e4lkommen [&hellip;]<\/p>","protected":false},"author":1,"featured_media":0,"parent":596,"menu_order":0,"comment_status":"closed","ping_status":"closed","template":"elementor_header_footer","meta":{"_monsterinsights_skip_tracking":false,"_monsterinsights_sitenote_active":false,"_monsterinsights_sitenote_note":"","_monsterinsights_sitenote_category":0,"footnotes":""},"class_list":["post-2","page","type-page","status-publish","hentry"],"aioseo_notices":[],"_links":{"self":[{"href":"https:\/\/newminds.se\/eng\/wp-json\/wp\/v2\/pages\/2","targetHints":{"allow":["GET"]}}],"collection":[{"href":"https:\/\/newminds.se\/eng\/wp-json\/wp\/v2\/pages"}],"about":[{"href":"https:\/\/newminds.se\/eng\/wp-json\/wp\/v2\/types\/page"}],"author":[{"embeddable":true,"href":"https:\/\/newminds.se\/eng\/wp-json\/wp\/v2\/users\/1"}],"replies":[{"embeddable":true,"href":"https:\/\/newminds.se\/eng\/wp-json\/wp\/v2\/comments?post=2"}],"version-history":[{"count":224,"href":"https:\/\/newminds.se\/eng\/wp-json\/wp\/v2\/pages\/2\/revisions"}],"predecessor-version":[{"id":7793,"href":"https:\/\/newminds.se\/eng\/wp-json\/wp\/v2\/pages\/2\/revisions\/7793"}],"up":[{"embeddable":true,"href":"https:\/\/newminds.se\/eng\/wp-json\/wp\/v2\/pages\/596"}],"wp:attachment":[{"href":"https:\/\/newminds.se\/eng\/wp-json\/wp\/v2\/media?parent=2"}],"curies":[{"name":"wp","href":"https:\/\/api.w.org\/{rel}","templated":true}]}}